{"id":29276,"date":"2022-09-25T18:39:31","date_gmt":"2022-09-25T16:39:31","guid":{"rendered":"https:\/\/yoandino.com\/?page_id=29276"},"modified":"2025-04-11T06:41:09","modified_gmt":"2025-04-11T04:41:09","slug":"reproductions-darts","status":"publish","type":"page","link":"https:\/\/yoandino.com\/en\/reproductions-darts\/","title":{"rendered":"Art Reproductions"},"content":{"rendered":"<p>[et_pb_section fb_built=\u00a0\u00bb1&Prime; _builder_version=\u00a0\u00bb4.18.0&Prime; _module_preset=\u00a0\u00bbdefault\u00a0\u00bb global_colors_info=\u00a0\u00bb{}\u00a0\u00bb][et_pb_row _builder_version=\u00a0\u00bb4.18.0&Prime; _module_preset=\u00a0\u00bbdefault\u00a0\u00bb global_colors_info=\u00a0\u00bb{}\u00a0\u00bb][et_pb_column type=\u00a0\u00bb4_4&Prime; _builder_version=\u00a0\u00bb4.18.0&Prime; _module_preset=\u00a0\u00bbdefault\u00a0\u00bb global_colors_info=\u00a0\u00bb{}\u00a0\u00bb][et_pb_image src=\u00a0\u00bbhttps:\/\/yoandino.com\/wp-content\/uploads\/2025\/04\/IMG_1901.jpeg\u00a0\u00bb title_text=\u00a0\u00bbIMG_1901&Prime; _builder_version=\u00a0\u00bb4.18.0&Prime; _module_preset=\u00a0\u00bbdefault\u00a0\u00bb global_colors_info=\u00a0\u00bb{}\u00a0\u00bb][\/et_pb_image][et_pb_text _builder_version=\u00a0\u00bb4.18.0&Prime; _module_preset=\u00a0\u00bbdefault\u00a0\u00bb global_colors_info=\u00a0\u00bb{}\u00a0\u00bb]<\/p>\n<p style=\"text-align: center;\">Art Reproductions<\/p>\n<p>[\/et_pb_text][\/et_pb_column][\/et_pb_row][et_pb_row _builder_version=\u00a0\u00bb4.18.0&Prime; _module_preset=\u00a0\u00bbdefault\u00a0\u00bb global_colors_info=\u00a0\u00bb{}\u00a0\u00bb][et_pb_column type=\u00a0\u00bb4_4&Prime; _builder_version=\u00a0\u00bb4.18.0&Prime; _module_preset=\u00a0\u00bbdefault\u00a0\u00bb global_colors_info=\u00a0\u00bb{}\u00a0\u00bb][et_pb_text _builder_version=\u00a0\u00bb4.18.0&Prime; _module_preset=\u00a0\u00bbdefault\u00a0\u00bb global_colors_info=\u00a0\u00bb{}\u00a0\u00bb]<\/p>\n<p>Decoration and fine art are two inseparable elements.\nWe believe that anyone with a love for interior design is also, in some way, a lover of visual art.\nThat\u2019s why we offer our clients the opportunity to commission reproductions of the Great Masters, whether classical or modern, as well as to request original paintings created just for them.<\/p>\n<p>We also offer commissioned portraits, whether individual or family, in any painting style of your choice.<\/p>\n<p>&nbsp;<\/p>\n<p>&nbsp;<\/p>\n<p>&nbsp;<\/p>\n<p>[\/et_pb_text][\/et_pb_column][\/et_pb_row][et_pb_row _builder_version=\u00a0\u00bb4.18.0&Prime; _module_preset=\u00a0\u00bbdefault\u00a0\u00bb min_height=\u00a0\u00bb116px\u00a0\u00bb global_colors_info=\u00a0\u00bb{}\u00a0\u00bb][et_pb_column type=\u00a0\u00bb4_4&Prime; _builder_version=\u00a0\u00bb4.18.0&Prime; _module_preset=\u00a0\u00bbdefault\u00a0\u00bb global_colors_info=\u00a0\u00bb{}\u00a0\u00bb][et_pb_gallery gallery_ids=\u00a0\u00bb29152,29151,29113,29112,29099,29097,29094,29092,29090,29083,29088,29079,29078,29074,29073,29047,29042,29040,29033,29018,29014&Prime; _builder_version=\u00a0\u00bb4.18.0&Prime; _module_preset=\u00a0\u00bbdefault\u00a0\u00bb global_colors_info=\u00a0\u00bb{}\u00a0\u00bb][\/et_pb_gallery][\/et_pb_column][\/et_pb_row][\/et_pb_section]<\/p>","protected":false},"excerpt":{"rendered":"<p>Reproductions d&rsquo;artsLa d\u00e9coration et la peinture d\u2019art, deux \u00e9l\u00e9ments indissociables. Conscients que chaque amateur de d\u00e9coration d\u2019int\u00e9rieur est\u00a0 aussi un amateur d\u2019art au sens plastique du terme. Pour cette raison nous proposons \u00e0 nos clients la possibilit\u00e9 de r\u00e9aliser des copies de Grands Ma\u00eetres, classiques ou modernes, ainsi que la conception de tableaux originaux r\u00e9alis\u00e9s [&hellip;]<\/p>","protected":false},"author":1,"featured_media":0,"parent":0,"menu_order":0,"comment_status":"closed","ping_status":"closed","template":"","meta":{"_et_pb_use_builder":"on","_et_pb_old_content":"","_et_gb_content_width":"","footnotes":""},"class_list":["post-29276","page","type-page","status-publish","hentry"],"_links":{"self":[{"href":"https:\/\/yoandino.com\/en\/wp-json\/wp\/v2\/pages\/29276","targetHints":{"allow":["GET"]}}],"collection":[{"href":"https:\/\/yoandino.com\/en\/wp-json\/wp\/v2\/pages"}],"about":[{"href":"https:\/\/yoandino.com\/en\/wp-json\/wp\/v2\/types\/page"}],"author":[{"embeddable":true,"href":"https:\/\/yoandino.com\/en\/wp-json\/wp\/v2\/users\/1"}],"replies":[{"embeddable":true,"href":"https:\/\/yoandino.com\/en\/wp-json\/wp\/v2\/comments?post=29276"}],"version-history":[{"count":5,"href":"https:\/\/yoandino.com\/en\/wp-json\/wp\/v2\/pages\/29276\/revisions"}],"predecessor-version":[{"id":29667,"href":"https:\/\/yoandino.com\/en\/wp-json\/wp\/v2\/pages\/29276\/revisions\/29667"}],"wp:attachment":[{"href":"https:\/\/yoandino.com\/en\/wp-json\/wp\/v2\/media?parent=29276"}],"curies":[{"name":"wp","href":"https:\/\/api.w.org\/{rel}","templated":true}]}}